{"id":6406,"date":"2025-02-20T17:39:39","date_gmt":"2025-02-20T16:39:39","guid":{"rendered":"https:\/\/institutosipue.com\/?page_id=6406"},"modified":"2025-02-20T17:39:40","modified_gmt":"2025-02-20T16:39:40","slug":"politica-de-cookies","status":"publish","type":"page","link":"https:\/\/institutosipue.com\/?page_id=6406","title":{"rendered":"POL\u00cdTICA DE COOKIES"},"content":{"rendered":"\n<p><strong>1. Uso de Cookies<\/strong><\/p>\n\n\n\n<p>Este sitio web utiliza cookies para mejorar la experiencia de navegaci\u00f3n y ofrecer contenidos personalizados. Al acceder a&nbsp;<strong>https:\/\/institutosipue.com<\/strong>, el usuario acepta el uso de cookies de acuerdo con esta pol\u00edtica.<\/p>\n\n\n\n<p><strong>2. \u00bfQu\u00e9 son las Cookies?<\/strong><\/p>\n\n\n\n<p>Las cookies son peque\u00f1os archivos de texto almacenados en el dispositivo del usuario cuando visita un sitio web. Se utilizan para recordar informaci\u00f3n sobre la navegaci\u00f3n y mejorar la experiencia del usuario en futuras visitas.<\/p>\n\n\n\n<p><strong>3. Tipos de Cookies que Utilizamos<\/strong><\/p>\n\n\n\n<p>\u2022&nbsp;<strong>Cookies t\u00e9cnicas:<\/strong>&nbsp;Necesarias para el funcionamiento del sitio y la navegaci\u00f3n.<\/p>\n\n\n\n<p>\u2022&nbsp;<strong>Cookies de an\u00e1lisis:<\/strong>&nbsp;Permiten el seguimiento y an\u00e1lisis del comportamiento de los usuarios en la web.<\/p>\n\n\n\n<p>\u2022&nbsp;<strong>Cookies de personalizaci\u00f3n:<\/strong>&nbsp;Guardan preferencias del usuario como idioma o regi\u00f3n.<\/p>\n\n\n\n<p><strong>4. Gesti\u00f3n de Cookies<\/strong><\/p>\n\n\n\n<p>El usuario puede configurar su navegador para bloquear o eliminar cookies. Sin embargo, algunas funciones del sitio podr\u00edan no estar disponibles si se deshabilitan las cookies.<\/p>\n\n\n\n<p><strong>5. Consentimiento<\/strong><\/p>\n\n\n\n<p>Al utilizar este sitio web, el usuario acepta el uso de cookies en los t\u00e9rminos expresados en esta pol\u00edtica. Si no est\u00e1 de acuerdo, puede modificar la configuraci\u00f3n de su navegador o abandonar el sitio.<\/p>\n","protected":false},"excerpt":{"rendered":"<p>1. Uso de Cookies Este sitio web utiliza cookies para mejorar la experiencia de navegaci\u00f3n y ofrecer contenidos personalizados. Al&#8230;<\/p>\n","protected":false},"author":1,"featured_media":0,"parent":0,"menu_order":0,"comment_status":"closed","ping_status":"closed","template":"","meta":{"footnotes":""},"class_list":["post-6406","page","type-page","status-publish","hentry","page--item"],"_links":{"self":[{"href":"https:\/\/institutosipue.com\/index.php?rest_route=\/wp\/v2\/pages\/6406","targetHints":{"allow":["GET"]}}],"collection":[{"href":"https:\/\/institutosipue.com\/index.php?rest_route=\/wp\/v2\/pages"}],"about":[{"href":"https:\/\/institutosipue.com\/index.php?rest_route=\/wp\/v2\/types\/page"}],"author":[{"embeddable":true,"href":"https:\/\/institutosipue.com\/index.php?rest_route=\/wp\/v2\/users\/1"}],"replies":[{"embeddable":true,"href":"https:\/\/institutosipue.com\/index.php?rest_route=%2Fwp%2Fv2%2Fcomments&post=6406"}],"version-history":[{"count":1,"href":"https:\/\/institutosipue.com\/index.php?rest_route=\/wp\/v2\/pages\/6406\/revisions"}],"predecessor-version":[{"id":6407,"href":"https:\/\/institutosipue.com\/index.php?rest_route=\/wp\/v2\/pages\/6406\/revisions\/6407"}],"wp:attachment":[{"href":"https:\/\/institutosipue.com\/index.php?rest_route=%2Fwp%2Fv2%2Fmedia&parent=6406"}],"curies":[{"name":"wp","href":"https:\/\/api.w.org\/{rel}","templated":true}]}}