{"id":6408,"date":"2025-02-20T17:40:07","date_gmt":"2025-02-20T16:40:07","guid":{"rendered":"https:\/\/institutosipue.com\/?page_id=6408"},"modified":"2025-02-20T17:40:08","modified_gmt":"2025-02-20T16:40:08","slug":"aviso-legal","status":"publish","type":"page","link":"https:\/\/institutosipue.com\/?page_id=6408","title":{"rendered":"AVISO LEGAL"},"content":{"rendered":"\n<p><strong>1. Informaci\u00f3n General<\/strong><\/p>\n\n\n\n<p>En cumplimiento con el deber de informaci\u00f3n establecido en la&nbsp;<strong>Ley 34\/2002 de Servicios de la Sociedad de la Informaci\u00f3n y del Comercio Electr\u00f3nico (LSSI-CE)<\/strong>, se informa a los usuarios de los siguientes datos:<\/p>\n\n\n\n<p>\u2022&nbsp;<strong>Titular:<\/strong>&nbsp;Iglesia Pentecostal Unida de Espa\u00f1a (IPUE)<\/p>\n\n\n\n<p>\u2022&nbsp;<strong>Instituci\u00f3n:<\/strong>&nbsp;Instituto Teol\u00f3gico Pentecostal (ITP)<\/p>\n\n\n\n<p>\u2022&nbsp;<strong>Domicilio Social:<\/strong>&nbsp;C. del Roble, 22, 28020 Madrid, Espa\u00f1a<\/p>\n\n\n\n<p>\u2022&nbsp;<strong>Tel\u00e9fono de Contacto:<\/strong>&nbsp;915 35 09 39<\/p>\n\n\n\n<p>\u2022&nbsp;<strong>Correo Electr\u00f3nico:<\/strong>&nbsp;info@institutosipue.com<\/p>\n\n\n\n<p>\u2022&nbsp;<strong>N\u00famero de Registro:<\/strong>&nbsp;015879<\/p>\n\n\n\n<p><strong>2. Condiciones de Uso<\/strong><\/p>\n\n\n\n<p>El acceso y uso del sitio web&nbsp;<strong>https:\/\/institutosipue.com<\/strong>&nbsp;implica la aceptaci\u00f3n de las presentes condiciones generales de uso. El usuario se compromete a hacer un uso adecuado de los contenidos y servicios, y a no utilizarlos para actividades il\u00edcitas o contrarias a la buena fe y al orden p\u00fablico.<\/p>\n\n\n\n<p><strong>3. Propiedad Intelectual<\/strong><\/p>\n\n\n\n<p>Todos los contenidos de este sitio web (textos, im\u00e1genes, logotipos, gr\u00e1ficos, c\u00f3digo fuente, etc.) est\u00e1n protegidos por derechos de propiedad intelectual. Queda prohibida su reproducci\u00f3n, distribuci\u00f3n o modificaci\u00f3n sin la autorizaci\u00f3n expresa del titular del sitio web.<\/p>\n\n\n\n<p><strong>4. Exclusi\u00f3n de Responsabilidad<\/strong><\/p>\n\n\n\n<p>El titular del sitio web no se hace responsable de los da\u00f1os o perjuicios derivados del uso de la informaci\u00f3n contenida en el mismo, ni de posibles errores u omisiones en sus contenidos.<\/p>\n\n\n\n<p><strong>5. Modificaciones<\/strong><\/p>\n\n\n\n<p>La&nbsp;<strong>IPUE<\/strong>&nbsp;se reserva el derecho de modificar el contenido del sitio web y sus t\u00e9rminos y condiciones sin previo aviso.<\/p>\n","protected":false},"excerpt":{"rendered":"<p>1. Informaci\u00f3n General En cumplimiento con el deber de informaci\u00f3n establecido en la&nbsp;Ley 34\/2002 de Servicios de la Sociedad de&#8230;<\/p>\n","protected":false},"author":1,"featured_media":0,"parent":0,"menu_order":0,"comment_status":"closed","ping_status":"closed","template":"","meta":{"footnotes":""},"class_list":["post-6408","page","type-page","status-publish","hentry","page--item"],"_links":{"self":[{"href":"https:\/\/institutosipue.com\/index.php?rest_route=\/wp\/v2\/pages\/6408","targetHints":{"allow":["GET"]}}],"collection":[{"href":"https:\/\/institutosipue.com\/index.php?rest_route=\/wp\/v2\/pages"}],"about":[{"href":"https:\/\/institutosipue.com\/index.php?rest_route=\/wp\/v2\/types\/page"}],"author":[{"embeddable":true,"href":"https:\/\/institutosipue.com\/index.php?rest_route=\/wp\/v2\/users\/1"}],"replies":[{"embeddable":true,"href":"https:\/\/institutosipue.com\/index.php?rest_route=%2Fwp%2Fv2%2Fcomments&post=6408"}],"version-history":[{"count":1,"href":"https:\/\/institutosipue.com\/index.php?rest_route=\/wp\/v2\/pages\/6408\/revisions"}],"predecessor-version":[{"id":6409,"href":"https:\/\/institutosipue.com\/index.php?rest_route=\/wp\/v2\/pages\/6408\/revisions\/6409"}],"wp:attachment":[{"href":"https:\/\/institutosipue.com\/index.php?rest_route=%2Fwp%2Fv2%2Fmedia&parent=6408"}],"curies":[{"name":"wp","href":"https:\/\/api.w.org\/{rel}","templated":true}]}}