{"id":7402,"date":"2025-02-25T19:02:49","date_gmt":"2025-02-25T18:02:49","guid":{"rendered":"https:\/\/institutosipue.com\/?post_type=product&#038;p=7402"},"modified":"2025-03-08T22:57:35","modified_gmt":"2025-03-08T21:57:35","slug":"nivel-certificado-en-desarrollo-ministerial","status":"publish","type":"product","link":"https:\/\/institutosipue.com\/?product=nivel-certificado-en-desarrollo-ministerial","title":{"rendered":"Certificado en Desarrollo Ministerial"},"content":{"rendered":"<p class=\"p1\">El <span class=\"s1\"><b>Certificado en Desarrollo Ministerial<\/b><\/span> es el primer nivel de formaci\u00f3n teol\u00f3gica, dirigido a quienes desean fortalecer su conocimiento b\u00edblico y desarrollar su llamado ministerial.<\/p>\n<p class=\"p1\">A trav\u00e9s de <span class=\"s1\"><b>12 asignaturas esenciales<\/b><\/span>, los estudiantes recibir\u00e1n ense\u00f1anza en doctrina, evangelismo, \u00e9tica y liderazgo, prepar\u00e1ndose para servir en la iglesia con solidez espiritual y ministerial.<\/p>\n","protected":false},"excerpt":{"rendered":"<p class=\"p1\">Un programa dise\u00f1ado para establecer bases s\u00f3lidas en la fe y la doctrina.<\/p>\n<p class=\"p1\"><span class=\"s1\"><b>Incluye 12 materias<\/b><\/span> fundamentales para el ministerio.<\/p>\n<p class=\"p1\"><span class=\"s1\"><b>Costo:<\/b><\/span> 150\u20ac (matr\u00edcula y primer trimestre) + <span class=\"s1\"><b>tres cuotas de 50\u20ac<\/b><\/span>.<\/p>\n","protected":false},"featured_media":7407,"template":"","meta":[],"product_brand":[],"product_cat":[65],"product_tag":[],"class_list":{"0":"post-7402","1":"product","2":"type-product","3":"status-publish","4":"has-post-thumbnail","6":"product_cat-certificado","8":"first","9":"instock","10":"sold-individually","11":"shipping-taxable","12":"purchasable","13":"product-type-variable"},"_links":{"self":[{"href":"https:\/\/institutosipue.com\/index.php?rest_route=\/wp\/v2\/product\/7402","targetHints":{"allow":["GET"]}}],"collection":[{"href":"https:\/\/institutosipue.com\/index.php?rest_route=\/wp\/v2\/product"}],"about":[{"href":"https:\/\/institutosipue.com\/index.php?rest_route=\/wp\/v2\/types\/product"}],"wp:featuredmedia":[{"embeddable":true,"href":"https:\/\/institutosipue.com\/index.php?rest_route=\/wp\/v2\/media\/7407"}],"wp:attachment":[{"href":"https:\/\/institutosipue.com\/index.php?rest_route=%2Fwp%2Fv2%2Fmedia&parent=7402"}],"wp:term":[{"taxonomy":"product_brand","embeddable":true,"href":"https:\/\/institutosipue.com\/index.php?rest_route=%2Fwp%2Fv2%2Fproduct_brand&post=7402"},{"taxonomy":"product_cat","embeddable":true,"href":"https:\/\/institutosipue.com\/index.php?rest_route=%2Fwp%2Fv2%2Fproduct_cat&post=7402"},{"taxonomy":"product_tag","embeddable":true,"href":"https:\/\/institutosipue.com\/index.php?rest_route=%2Fwp%2Fv2%2Fproduct_tag&post=7402"}],"curies":[{"name":"wp","href":"https:\/\/api.w.org\/{rel}","templated":true}]}}